{"id":258,"date":"2018-01-22T10:17:40","date_gmt":"2018-01-22T14:17:40","guid":{"rendered":"http:\/\/ayuntamiento.o\/transparencia\/?page_id=258"},"modified":"2024-10-08T09:48:09","modified_gmt":"2024-10-08T13:48:09","slug":"responsable-de-acceso-a-la-informacion","status":"publish","type":"page","link":"https:\/\/juntadistritalbelloso.gob.do\/transparencia\/responsable-de-acceso-a-la-informacion\/","title":{"rendered":"Responsable de Acceso a la Informaci\u00f3n"},"content":{"rendered":"<div class=\"wp-block-image\">\n<figure class=\"alignleft size-full is-resized\"><img decoding=\"async\" loading=\"lazy\" width=\"640\" height=\"640\" src=\"https:\/\/juntadistritalbelloso.gob.do\/transparencia\/wp-content\/uploads\/2023\/10\/377823695_199231779853104_3603104963252593627_n-1.jpg\" alt=\"\" class=\"wp-image-376\" style=\"aspect-ratio:1;width:207px;height:auto\" srcset=\"https:\/\/juntadistritalbelloso.gob.do\/transparencia\/wp-content\/uploads\/2023\/10\/377823695_199231779853104_3603104963252593627_n-1.jpg 640w, https:\/\/juntadistritalbelloso.gob.do\/transparencia\/wp-content\/uploads\/2023\/10\/377823695_199231779853104_3603104963252593627_n-1-250x250.jpg 250w, https:\/\/juntadistritalbelloso.gob.do\/transparencia\/wp-content\/uploads\/2023\/10\/377823695_199231779853104_3603104963252593627_n-1-150x150.jpg 150w, https:\/\/juntadistritalbelloso.gob.do\/transparencia\/wp-content\/uploads\/2023\/10\/377823695_199231779853104_3603104963252593627_n-1-120x120.jpg 120w\" sizes=\"(max-width: 640px) 100vw, 640px\" \/><\/figure><\/div>\n\n\n<p>\u00a0<\/p>\n<p>\u00a0<\/p>\n<p>\u00a0<\/p>\n\n\n<p>\u00a0<\/p>\n<p>\u00a0<\/p>\n<p>\u00a0<\/p>\n<p><em><strong>Responsable de Acceso a la Informaci\u00f3n (RAI)<\/strong><\/em><\/p>\n<p><em><strong>Nombre:<\/strong><\/em> Ing. Juan Carlos Minaya Aragon\u00e9s<\/p>\n<p><em><strong>Correo electr\u00f3nico:<\/strong><\/em> <a href=\"mailto:%20minayaaragones@gmail.com\">\u00a0minayaaragones@gmail.com<\/a><\/p>\n<p><em><strong>Correo electr\u00f3nico:<\/strong> <\/em><a href=\"mailto:ayuntamientobelloso040@gmail.com\">ayuntamientobelloso040@gmail.com<\/a><\/p>\n<p><em><strong>Tel\u00e9fono:<\/strong><\/em> 809-395-9328<\/p>\n<p class=\"paragraph ng-attr-widget\" style=\"text-align: left\"><em><strong>Direcci\u00f3n:<\/strong><\/em> los conucos, Belloso, Luper\u00f3n, Provincia Puerto Plata.<\/p>\n<p class=\"paragraph ng-attr-widget\">\u00a0<\/p>\n\n\n<figure class=\"wp-block-image size-large is-resized\"><img decoding=\"async\" loading=\"lazy\" width=\"700\" height=\"525\" src=\"https:\/\/juntadistritalbelloso.gob.do\/transparencia\/wp-content\/uploads\/2024\/10\/WhatsApp-Image-2023-06-14-at-12.48.11-PM-1-700x525.jpeg\" alt=\"\" class=\"wp-image-623\" style=\"aspect-ratio:1.3333333333333333;width:373px;height:auto\" srcset=\"https:\/\/juntadistritalbelloso.gob.do\/transparencia\/wp-content\/uploads\/2024\/10\/WhatsApp-Image-2023-06-14-at-12.48.11-PM-1-700x525.jpeg 700w, https:\/\/juntadistritalbelloso.gob.do\/transparencia\/wp-content\/uploads\/2024\/10\/WhatsApp-Image-2023-06-14-at-12.48.11-PM-1-250x188.jpeg 250w, https:\/\/juntadistritalbelloso.gob.do\/transparencia\/wp-content\/uploads\/2024\/10\/WhatsApp-Image-2023-06-14-at-12.48.11-PM-1-768x576.jpeg 768w, https:\/\/juntadistritalbelloso.gob.do\/transparencia\/wp-content\/uploads\/2024\/10\/WhatsApp-Image-2023-06-14-at-12.48.11-PM-1-1536x1152.jpeg 1536w, https:\/\/juntadistritalbelloso.gob.do\/transparencia\/wp-content\/uploads\/2024\/10\/WhatsApp-Image-2023-06-14-at-12.48.11-PM-1-120x90.jpeg 120w, https:\/\/juntadistritalbelloso.gob.do\/transparencia\/wp-content\/uploads\/2024\/10\/WhatsApp-Image-2023-06-14-at-12.48.11-PM-1.jpeg 1600w\" sizes=\"(max-width: 700px) 100vw, 700px\" \/><\/figure>\n\n\n\n<figure class=\"wp-block-image size-large is-resized is-style-default\"><img decoding=\"async\" loading=\"lazy\" width=\"700\" height=\"525\" src=\"https:\/\/juntadistritalbelloso.gob.do\/transparencia\/wp-content\/uploads\/2024\/10\/WhatsApp-Image-2023-06-14-at-12.48.08-PM-700x525.jpeg\" alt=\"\" class=\"wp-image-622\" style=\"aspect-ratio:1.3333333333333333;width:368px;height:auto\" srcset=\"https:\/\/juntadistritalbelloso.gob.do\/transparencia\/wp-content\/uploads\/2024\/10\/WhatsApp-Image-2023-06-14-at-12.48.08-PM-700x525.jpeg 700w, https:\/\/juntadistritalbelloso.gob.do\/transparencia\/wp-content\/uploads\/2024\/10\/WhatsApp-Image-2023-06-14-at-12.48.08-PM-250x188.jpeg 250w, https:\/\/juntadistritalbelloso.gob.do\/transparencia\/wp-content\/uploads\/2024\/10\/WhatsApp-Image-2023-06-14-at-12.48.08-PM-768x576.jpeg 768w, https:\/\/juntadistritalbelloso.gob.do\/transparencia\/wp-content\/uploads\/2024\/10\/WhatsApp-Image-2023-06-14-at-12.48.08-PM-1536x1152.jpeg 1536w, https:\/\/juntadistritalbelloso.gob.do\/transparencia\/wp-content\/uploads\/2024\/10\/WhatsApp-Image-2023-06-14-at-12.48.08-PM-120x90.jpeg 120w, https:\/\/juntadistritalbelloso.gob.do\/transparencia\/wp-content\/uploads\/2024\/10\/WhatsApp-Image-2023-06-14-at-12.48.08-PM.jpeg 1600w\" sizes=\"(max-width: 700px) 100vw, 700px\" \/><\/figure>\n","protected":false},"excerpt":{"rendered":"\u00a0 \u00a0 \u00a0 \u00a0 \u00a0 \u00a0 Responsable de Acceso a la Informaci\u00f3n (RAI) Nombre: Ing. Juan Carlos Minaya Aragon\u00e9s Correo electr\u00f3nico: \u00a0minayaaragones@gmail.com Correo electr\u00f3nico: ayuntamientobelloso040@gmail.com Tel\u00e9fono: 809-395-9328 Direcci\u00f3n: los conucos, Belloso, Luper\u00f3n, Provincia Puerto Plata. \u00a0","protected":false},"author":1,"featured_media":0,"parent":0,"menu_order":0,"comment_status":"closed","ping_status":"closed","template":"","meta":{"footnotes":""},"acf":[],"_links":{"self":[{"href":"https:\/\/juntadistritalbelloso.gob.do\/transparencia\/wp-json\/wp\/v2\/pages\/258"}],"collection":[{"href":"https:\/\/juntadistritalbelloso.gob.do\/transparencia\/wp-json\/wp\/v2\/pages"}],"about":[{"href":"https:\/\/juntadistritalbelloso.gob.do\/transparencia\/wp-json\/wp\/v2\/types\/page"}],"author":[{"embeddable":true,"href":"https:\/\/juntadistritalbelloso.gob.do\/transparencia\/wp-json\/wp\/v2\/users\/1"}],"replies":[{"embeddable":true,"href":"https:\/\/juntadistritalbelloso.gob.do\/transparencia\/wp-json\/wp\/v2\/comments?post=258"}],"version-history":[{"count":6,"href":"https:\/\/juntadistritalbelloso.gob.do\/transparencia\/wp-json\/wp\/v2\/pages\/258\/revisions"}],"predecessor-version":[{"id":625,"href":"https:\/\/juntadistritalbelloso.gob.do\/transparencia\/wp-json\/wp\/v2\/pages\/258\/revisions\/625"}],"wp:attachment":[{"href":"https:\/\/juntadistritalbelloso.gob.do\/transparencia\/wp-json\/wp\/v2\/media?parent=258"}],"curies":[{"name":"wp","href":"https:\/\/api.w.org\/{rel}","templated":true}]}}